{"id":512,"date":"2023-01-02T20:42:55","date_gmt":"2023-01-02T19:42:55","guid":{"rendered":"http:\/\/xn--stedtlistrmer-4ob.ch\/?page_id=512"},"modified":"2023-01-02T20:43:30","modified_gmt":"2023-01-02T19:43:30","slug":"impressum","status":"publish","type":"page","link":"https:\/\/xn--stedtlistrmer-4ob.ch\/index.php\/impressum\/","title":{"rendered":"Impressum"},"content":{"rendered":"\n<p><strong>RECHTLICHE HINWEISE<\/strong><br>Alle Rechte vorbehalten. Jegliche (auch auszugsweise) Verwertung, Verbreitung, Wiedergabe, Vervielf\u00e4ltigung oder Speicherung, ob elektronisch, mechanisch, durch Fotokopie oder Aufzeichnung, bedarf der vorherigen, schriftlichen Genehmigung des Herausgebers.<\/p>\n\n\n\n<p><strong>HAFTUNGSHINWEIS<\/strong><\/p>\n\n\n\n<p>Die Autoren \u00fcbernehmen keinerlei Gew\u00e4hr hinsichtlich der inhaltlichen Richtigkeit, Genauigkeit, Aktualit\u00e4t, Zuverl\u00e4ssigkeit und Vollst\u00e4ndigkeit der Informationen. Haftungsanspr\u00fcche gegen die Autoren wegen Sch\u00e4den materieller oder immaterieller Art, welche aus dem Zugriff oder der Nutzung bzw. Nichtnutzung der ver\u00f6ffentlichten Informationen, durch Missbrauch der Verbindung oder durch technische St\u00f6rungen entstanden sind, werden ausgeschlossen. Alle Angebote sind unverbindlich. Die Autoren behalten es sich ausdr\u00fccklich vor, Teile der Seiten oder das gesamte Angebot ohne gesonderte Ank\u00fcndigung zu ver\u00e4ndern, zu erg\u00e4nzen, zu l\u00f6schen oder die Ver\u00f6ffentlichung zeitweise oder endg\u00fcltig einzustellen.<\/p>\n\n\n\n<p><strong>HAFTUNG F\u00dcR LINKS<\/strong><br>Verweise und Links auf Webseiten Dritter liegen ausserhalb unseres Verantwortungsbereichs. Es wird jegliche Verantwortung f\u00fcr solche Webseiten abgelehnt. Der Zugriff und die Nutzung solcher Webseiten erfolgen auf eigene Gefahr des Nutzers oder der Nutzerin.<\/p>\n\n\n\n<p><strong>FOTOS<\/strong><br>Die Fotos stammen mehrheitlich von der Wagenclique Stedtlist\u00fcrmer. Fotos von anderen Fotografinnen und Fotografen sind entsprechend benannt.<\/p>\n\n\n\n<p><strong>URHEBERRECHTE<\/strong><br>Die Urheber- und alle anderen Rechte an Inhalten, Bildern, Fotos oder anderen Dateien auf der Website geh\u00f6ren ausschliesslich der Wagenclique Stedtlist\u00fcrmer oder den speziell genannten Rechtsinhabern. F\u00fcr die Reproduktion jeglicher Elemente ist die schriftliche Zustimmung der Urheberrechtstr\u00e4ger im Voraus einzuholen.<\/p>\n\n\n\n<p><strong>WEBDESIGN\/ANPASSUNG<\/strong><br>CjPhotos<br>c\/o Christoph Jermann<br>In den Kurzen 9<br>4242 Laufen<\/p>\n\n\n\n<p><strong>HOSTING<\/strong><br>Metanet AG<br>Josefstrasse 218<br>8005 Z\u00fcrich<br>www.metanet.ch<\/p>\n<p>Views: 283<\/p>","protected":false},"excerpt":{"rendered":"<p>RECHTLICHE HINWEISEAlle Rechte vorbehalten. Jegliche (auch auszugsweise) Verwertung, Verbreitung, Wiedergabe, Vervielf\u00e4ltigung oder Speicherung, ob elektronisch, mechanisch, durch Fotokopie oder Aufzeichnung, bedarf der vorherigen, schriftlichen Genehmigung des Herausgebers. HAFTUNGSHINWEIS Die Autoren \u00fcbernehmen keinerlei Gew\u00e4hr hinsichtlich der inhaltlichen Richtigkeit, Genauigkeit, Aktualit\u00e4t, Zuverl\u00e4ssigkeit und Vollst\u00e4ndigkeit der Informationen. Haftungsanspr\u00fcche gegen die Autoren wegen Sch\u00e4den materieller oder immaterieller Art, welche&#46;&#46;&#46;<\/p>\n","protected":false},"author":1,"featured_media":0,"parent":0,"menu_order":0,"comment_status":"closed","ping_status":"closed","template":"","meta":{"_themeisle_gutenberg_block_has_review":false,"footnotes":""},"class_list":["post-512","page","type-page","status-publish","hentry"],"_links":{"self":[{"href":"https:\/\/xn--stedtlistrmer-4ob.ch\/index.php\/wp-json\/wp\/v2\/pages\/512"}],"collection":[{"href":"https:\/\/xn--stedtlistrmer-4ob.ch\/index.php\/wp-json\/wp\/v2\/pages"}],"about":[{"href":"https:\/\/xn--stedtlistrmer-4ob.ch\/index.php\/wp-json\/wp\/v2\/types\/page"}],"author":[{"embeddable":true,"href":"https:\/\/xn--stedtlistrmer-4ob.ch\/index.php\/wp-json\/wp\/v2\/users\/1"}],"replies":[{"embeddable":true,"href":"https:\/\/xn--stedtlistrmer-4ob.ch\/index.php\/wp-json\/wp\/v2\/comments?post=512"}],"version-history":[{"count":2,"href":"https:\/\/xn--stedtlistrmer-4ob.ch\/index.php\/wp-json\/wp\/v2\/pages\/512\/revisions"}],"predecessor-version":[{"id":514,"href":"https:\/\/xn--stedtlistrmer-4ob.ch\/index.php\/wp-json\/wp\/v2\/pages\/512\/revisions\/514"}],"wp:attachment":[{"href":"https:\/\/xn--stedtlistrmer-4ob.ch\/index.php\/wp-json\/wp\/v2\/media?parent=512"}],"curies":[{"name":"wp","href":"https:\/\/api.w.org\/{rel}","templated":true}]}}