{"id":72,"date":"2022-12-31T21:15:44","date_gmt":"2022-12-31T21:15:44","guid":{"rendered":"http:\/\/xn--stedtlistrmer-4ob.ch\/?page_id=72"},"modified":"2026-02-20T05:21:51","modified_gmt":"2026-02-20T04:21:51","slug":"steckbrief-2","status":"publish","type":"page","link":"https:\/\/xn--stedtlistrmer-4ob.ch\/index.php\/steckbrief-2\/","title":{"rendered":"\u00dcber uns"},"content":{"rendered":"<div class=\"wp-block-image is-style-default\">\n<figure class=\"aligncenter size-large is-resized\"><img loading=\"lazy\" decoding=\"async\" width=\"1024\" height=\"658\" src=\"https:\/\/xn--stedtlistrmer-4ob.ch\/wp-content\/uploads\/2023\/01\/Stedtlistuermer-Icon-02-1024x658.png\" alt=\"\" class=\"wp-image-525\" style=\"width:512px;height:329px\" srcset=\"https:\/\/xn--stedtlistrmer-4ob.ch\/wp-content\/uploads\/2023\/01\/Stedtlistuermer-Icon-02-1024x658.png 1024w, https:\/\/xn--stedtlistrmer-4ob.ch\/wp-content\/uploads\/2023\/01\/Stedtlistuermer-Icon-02-300x193.png 300w, https:\/\/xn--stedtlistrmer-4ob.ch\/wp-content\/uploads\/2023\/01\/Stedtlistuermer-Icon-02-768x494.png 768w, https:\/\/xn--stedtlistrmer-4ob.ch\/wp-content\/uploads\/2023\/01\/Stedtlistuermer-Icon-02-1536x988.png 1536w, https:\/\/xn--stedtlistrmer-4ob.ch\/wp-content\/uploads\/2023\/01\/Stedtlistuermer-Icon-02-2048x1317.png 2048w, https:\/\/xn--stedtlistrmer-4ob.ch\/wp-content\/uploads\/2023\/01\/Stedtlistuermer-Icon-02-600x386.png 600w\" sizes=\"(max-width: 1024px) 100vw, 1024px\" \/><\/figure><\/div>\n\n\n<p><strong>Ursprung und Lauf der Zeit:<\/strong><\/p>\n\n\n\n<p class=\"has-background\" style=\"background-color:#abb7c23b\">Die Idee von einer Wagenclique wurde von zwei Amateurfussballern realisiert. Nach der ersten Sitzung im Sommer 2005 im LaLuna wurde die Clique mit sieben Gr\u00fcndungsmitgliedern und dem Namen Stedtlist\u00fcrmer ins Leben gerufen. Die Mitglieder wechselten von Zeit zu Zeit, sowie auch die Wagenbaupl\u00e4tze: von Blauen auf B\u00e4rschwil, dann nach Brislach, Duggingen, Laufen und schliesslich bis heute auf den Huggerwald. Nach fast zehn Jahren wurde es Zeit einen Verein zu gr\u00fcnden, der mit Statuten und Organigramm seit dem 29. August 2014 besteht.<\/p>\n\n\n\n<p><strong>Fasnachtsort:<\/strong><\/p>\n\n\n\n<p class=\"has-background\" style=\"background-color:#abb7c23b\">W\u00e4hrend der Fasnacht sind wir im Laufental und Schwarzbubenland anzutreffen. Hauptdomizil sind aber \u201edie drei sch\u00f6nschte T\u00e4g in Laufe\u201c.<\/p>\n\n\n\n<p><strong>Mitglieder:<\/strong><\/p>\n\n\n\n<p class=\"has-background\" style=\"background-color:#abb7c23b\">Aktuell 12 Mitglieder des m\u00e4nnlichen Geschlechts im Alter zwischen 16 und \u2026<\/p>\n\n\n\n<p><strong>Merkmale:<\/strong><\/p>\n\n\n\n<p class=\"has-background\" style=\"background-color:#abb7c23b\">Aufw\u00e4ndige Wagenbauart, Zusammenhalt, gut organisiert, bekannt und beliebt, abwechslungsreiche Sujets und detailgetreue Verwirklichung<\/p>\n\n\n\n<p><strong>Vorlieben:<\/strong><\/p>\n\n\n\n<p class=\"has-background\" style=\"background-color:#abb7c23b\">Das weibliche Geschlecht, sch\u00f6nes Wetter, grosse und kleine Feste, viel Wurfmaterial, \u201e\u00f6lfi\u201c Schuss, Stimmung, gute Planung<\/p>\n\n\n\n<p><strong>T\u00e4tigkeiten:<\/strong><\/p>\n\n\n\n<p class=\"has-background\" style=\"background-color:#abb7c23b\">Durch das Jahr sind wir oft gemeinsam unterwegs, sei es auf Ausfl\u00fcgen, Ap\u00e9ros, oder auf ein Feierabendbier. Anl\u00e4sse wie das Stedtlibeach Turnier werden von uns tatkr\u00e4ftig unterst\u00fctzt. W\u00e4hrend der Wagenbauzeit die Mitte Oktober beginnt, wird der Fokus auf die Fasnachtsvorbereitung gerichtet, welche auf verschiedene \u00c4mter aufgeteilt wird. So dass wir sp\u00e4testens am Wageneinweihungsfest startklar f\u00fcr die Fasnacht sind. An der Fasnacht selbst sind wir zusammen an den verschiedenen Maskenb\u00e4llen und von Sonntag bis Dienstag aktiv an den \u201edrei sch\u00f6nschte T\u00e4g in Laufe\u201c.<\/p>\n\n\n\n<p><strong>Besonderes:<\/strong><\/p>\n\n\n\n<p class=\"has-background\" style=\"background-color:#abb7c23b\">Vier der Gr\u00fcndungsmitglieder sind noch immer mit Herzblut an jeder Fasnacht dabei. Und mit dem Wagenbau ab Mitte Oktober kommt dann langsam die Fasnachtsstimmung auf.<\/p>\n\n\n\n<hr class=\"wp-block-separator has-alpha-channel-opacity\"\/>\n\n\n\n<div id=\"wp-block-themeisle-blocks-advanced-columns-d87d87fb\" class=\"wp-block-themeisle-blocks-advanced-columns has-1-columns has-desktop-equal-layout has-tablet-equal-layout has-mobile-collapsedRows-layout has-vertical-center ticss-c00aadba\"><div class=\"wp-block-themeisle-blocks-advanced-columns-overlay\"><\/div><div class=\"innerblocks-wrap\">\n<div id=\"wp-block-themeisle-blocks-advanced-column-60dad16e\" class=\"wp-block-themeisle-blocks-advanced-column\">\n<div id=\"wp-block-themeisle-blocks-advanced-columns-be71e345\" class=\"wp-block-themeisle-blocks-advanced-columns has-4-columns has-desktop-equal-layout has-tablet-twoColumnGrid-layout has-mobile-collapsedRows-layout has-vertical-top\"><div class=\"wp-block-themeisle-blocks-advanced-columns-overlay\"><\/div><div class=\"innerblocks-wrap\">\n<div id=\"wp-block-themeisle-blocks-advanced-column-e373838a\" class=\"wp-block-themeisle-blocks-advanced-column\">\n<figure class=\"wp-block-image size-full is-style-rounded\"><img loading=\"lazy\" decoding=\"async\" width=\"800\" height=\"534\" src=\"https:\/\/xn--stedtlistrmer-4ob.ch\/wp-content\/uploads\/2023\/01\/CJP_0133.jpg\" alt=\"\" class=\"wp-image-1253\" srcset=\"https:\/\/xn--stedtlistrmer-4ob.ch\/wp-content\/uploads\/2023\/01\/CJP_0133.jpg 800w, https:\/\/xn--stedtlistrmer-4ob.ch\/wp-content\/uploads\/2023\/01\/CJP_0133-300x200.jpg 300w, https:\/\/xn--stedtlistrmer-4ob.ch\/wp-content\/uploads\/2023\/01\/CJP_0133-768x513.jpg 768w, https:\/\/xn--stedtlistrmer-4ob.ch\/wp-content\/uploads\/2023\/01\/CJP_0133-600x401.jpg 600w\" sizes=\"(max-width: 800px) 100vw, 800px\" \/><\/figure>\n\n\n\n<h3 id=\"wp-block-themeisle-blocks-advanced-heading-a0f377e3\" class=\"wp-block-themeisle-blocks-advanced-heading wp-block-themeisle-blocks-advanced-heading-a0f377e3\"><a href=\"https:\/\/xn--stedtlistrmer-4ob.ch\/index.php\/contact\/\">Fabian<\/a><\/h3>\n\n\n\n<p id=\"wp-block-themeisle-blocks-advanced-heading-22009bd8\" class=\"wp-block-themeisle-blocks-advanced-heading wp-block-themeisle-blocks-advanced-heading-22009bd8\"><strong>PR\u00c4SIDENT \/ G\u00f6nnerwesen<\/strong><\/p>\n<\/div>\n\n\n\n<div id=\"wp-block-themeisle-blocks-advanced-column-1ec22c40\" class=\"wp-block-themeisle-blocks-advanced-column\">\n<figure class=\"wp-block-image size-full is-style-rounded\"><img loading=\"lazy\" decoding=\"async\" width=\"800\" height=\"534\" src=\"https:\/\/xn--stedtlistrmer-4ob.ch\/wp-content\/uploads\/2023\/01\/CJP_0133.jpg\" alt=\"\" class=\"wp-image-1253\" srcset=\"https:\/\/xn--stedtlistrmer-4ob.ch\/wp-content\/uploads\/2023\/01\/CJP_0133.jpg 800w, https:\/\/xn--stedtlistrmer-4ob.ch\/wp-content\/uploads\/2023\/01\/CJP_0133-300x200.jpg 300w, https:\/\/xn--stedtlistrmer-4ob.ch\/wp-content\/uploads\/2023\/01\/CJP_0133-768x513.jpg 768w, https:\/\/xn--stedtlistrmer-4ob.ch\/wp-content\/uploads\/2023\/01\/CJP_0133-600x401.jpg 600w\" sizes=\"(max-width: 800px) 100vw, 800px\" \/><\/figure>\n\n\n\n<h3 id=\"wp-block-themeisle-blocks-advanced-heading-ba2647ef\" class=\"wp-block-themeisle-blocks-advanced-heading wp-block-themeisle-blocks-advanced-heading-ba2647ef\"><a href=\"https:\/\/xn--stedtlistrmer-4ob.ch\/index.php\/contact\/\">Luca J<\/a><\/h3>\n\n\n\n<p id=\"wp-block-themeisle-blocks-advanced-heading-c8da1e33\" class=\"wp-block-themeisle-blocks-advanced-heading wp-block-themeisle-blocks-advanced-heading-c8da1e33\"><strong>Vize-Pr\u00e4sident<\/strong> \/ <strong>Stv. Kost\u00fcm Larven<\/strong><\/p>\n<\/div>\n\n\n\n<div id=\"wp-block-themeisle-blocks-advanced-column-7e32a82b\" class=\"wp-block-themeisle-blocks-advanced-column\">\n<figure class=\"wp-block-image size-full is-style-rounded\"><img loading=\"lazy\" decoding=\"async\" width=\"800\" height=\"534\" src=\"https:\/\/xn--stedtlistrmer-4ob.ch\/wp-content\/uploads\/2023\/01\/CJP_0133.jpg\" alt=\"\" class=\"wp-image-1253\" srcset=\"https:\/\/xn--stedtlistrmer-4ob.ch\/wp-content\/uploads\/2023\/01\/CJP_0133.jpg 800w, https:\/\/xn--stedtlistrmer-4ob.ch\/wp-content\/uploads\/2023\/01\/CJP_0133-300x200.jpg 300w, https:\/\/xn--stedtlistrmer-4ob.ch\/wp-content\/uploads\/2023\/01\/CJP_0133-768x513.jpg 768w, https:\/\/xn--stedtlistrmer-4ob.ch\/wp-content\/uploads\/2023\/01\/CJP_0133-600x401.jpg 600w\" sizes=\"(max-width: 800px) 100vw, 800px\" \/><\/figure>\n\n\n\n<h3 id=\"wp-block-themeisle-blocks-advanced-heading-5cdd08a0\" class=\"wp-block-themeisle-blocks-advanced-heading wp-block-themeisle-blocks-advanced-heading-5cdd08a0\"><a href=\"https:\/\/xn--stedtlistrmer-4ob.ch\/index.php\/contact\/\">Roger<\/a><\/h3>\n\n\n\n<p id=\"wp-block-themeisle-blocks-advanced-heading-a4688a0d\" class=\"wp-block-themeisle-blocks-advanced-heading wp-block-themeisle-blocks-advanced-heading-a4688a0d\"><strong><strong><strong><strong>Finanzen<\/strong><\/strong><\/strong> \/ G\u00f6nnerwesen<\/strong><\/p>\n<\/div>\n\n\n\n<div id=\"wp-block-themeisle-blocks-advanced-column-47c7b5bd\" class=\"wp-block-themeisle-blocks-advanced-column\">\n<figure class=\"wp-block-image size-full is-style-rounded\"><img loading=\"lazy\" decoding=\"async\" width=\"800\" height=\"534\" src=\"https:\/\/xn--stedtlistrmer-4ob.ch\/wp-content\/uploads\/2023\/01\/CJP_0133.jpg\" alt=\"\" class=\"wp-image-1253\" srcset=\"https:\/\/xn--stedtlistrmer-4ob.ch\/wp-content\/uploads\/2023\/01\/CJP_0133.jpg 800w, https:\/\/xn--stedtlistrmer-4ob.ch\/wp-content\/uploads\/2023\/01\/CJP_0133-300x200.jpg 300w, https:\/\/xn--stedtlistrmer-4ob.ch\/wp-content\/uploads\/2023\/01\/CJP_0133-768x513.jpg 768w, https:\/\/xn--stedtlistrmer-4ob.ch\/wp-content\/uploads\/2023\/01\/CJP_0133-600x401.jpg 600w\" sizes=\"(max-width: 800px) 100vw, 800px\" \/><\/figure>\n\n\n\n<h3 id=\"wp-block-themeisle-blocks-advanced-heading-d67c0dbf\" class=\"wp-block-themeisle-blocks-advanced-heading wp-block-themeisle-blocks-advanced-heading-d67c0dbf\"><a href=\"https:\/\/xn--stedtlistrmer-4ob.ch\/index.php\/contact\/\">Elu<\/a><\/h3>\n\n\n\n<p id=\"wp-block-themeisle-blocks-advanced-heading-ab27dee0\" class=\"wp-block-themeisle-blocks-advanced-heading wp-block-themeisle-blocks-advanced-heading-ab27dee0\"><strong>Chef K<strong><strong><strong>OST\u00dcM<\/strong><\/strong><\/strong><\/strong> <strong>Larven<\/strong><\/p>\n<\/div>\n<\/div><\/div>\n\n\n\n<div id=\"wp-block-themeisle-blocks-advanced-columns-a47ae11e\" class=\"wp-block-themeisle-blocks-advanced-columns has-4-columns has-desktop-equal-layout has-tablet-twoColumnGrid-layout has-mobile-collapsedRows-layout has-vertical-top\"><div class=\"wp-block-themeisle-blocks-advanced-columns-overlay\"><\/div><div class=\"innerblocks-wrap\">\n<div id=\"wp-block-themeisle-blocks-advanced-column-c8858f77\" class=\"wp-block-themeisle-blocks-advanced-column\">\n<figure class=\"wp-block-image size-full is-style-rounded\"><img loading=\"lazy\" decoding=\"async\" width=\"800\" height=\"534\" src=\"https:\/\/xn--stedtlistrmer-4ob.ch\/wp-content\/uploads\/2023\/01\/CJP_0133.jpg\" alt=\"\" class=\"wp-image-1253\" srcset=\"https:\/\/xn--stedtlistrmer-4ob.ch\/wp-content\/uploads\/2023\/01\/CJP_0133.jpg 800w, https:\/\/xn--stedtlistrmer-4ob.ch\/wp-content\/uploads\/2023\/01\/CJP_0133-300x200.jpg 300w, https:\/\/xn--stedtlistrmer-4ob.ch\/wp-content\/uploads\/2023\/01\/CJP_0133-768x513.jpg 768w, https:\/\/xn--stedtlistrmer-4ob.ch\/wp-content\/uploads\/2023\/01\/CJP_0133-600x401.jpg 600w\" sizes=\"(max-width: 800px) 100vw, 800px\" \/><\/figure>\n\n\n\n<h3 id=\"wp-block-themeisle-blocks-advanced-heading-c256abd2\" class=\"wp-block-themeisle-blocks-advanced-heading wp-block-themeisle-blocks-advanced-heading-c256abd2\"><a href=\"https:\/\/xn--stedtlistrmer-4ob.ch\/index.php\/contact\/\">Beat<\/a><\/h3>\n\n\n\n<p id=\"wp-block-themeisle-blocks-advanced-heading-c956daf8\" class=\"wp-block-themeisle-blocks-advanced-heading wp-block-themeisle-blocks-advanced-heading-c956daf8\"><strong>Chef Wagenbau<\/strong><\/p>\n<\/div>\n\n\n\n<div id=\"wp-block-themeisle-blocks-advanced-column-2f014ad2\" class=\"wp-block-themeisle-blocks-advanced-column\">\n<figure class=\"wp-block-image size-full is-style-rounded\"><img loading=\"lazy\" decoding=\"async\" width=\"800\" height=\"534\" src=\"https:\/\/xn--stedtlistrmer-4ob.ch\/wp-content\/uploads\/2023\/01\/CJP_0133.jpg\" alt=\"\" class=\"wp-image-1253\" srcset=\"https:\/\/xn--stedtlistrmer-4ob.ch\/wp-content\/uploads\/2023\/01\/CJP_0133.jpg 800w, https:\/\/xn--stedtlistrmer-4ob.ch\/wp-content\/uploads\/2023\/01\/CJP_0133-300x200.jpg 300w, https:\/\/xn--stedtlistrmer-4ob.ch\/wp-content\/uploads\/2023\/01\/CJP_0133-768x513.jpg 768w, https:\/\/xn--stedtlistrmer-4ob.ch\/wp-content\/uploads\/2023\/01\/CJP_0133-600x401.jpg 600w\" sizes=\"(max-width: 800px) 100vw, 800px\" \/><\/figure>\n\n\n\n<h3 id=\"wp-block-themeisle-blocks-advanced-heading-e35a1978\" class=\"wp-block-themeisle-blocks-advanced-heading wp-block-themeisle-blocks-advanced-heading-e35a1978\"><a href=\"https:\/\/xn--stedtlistrmer-4ob.ch\/index.php\/contact\/\">Raphael<\/a><\/h3>\n\n\n\n<p id=\"wp-block-themeisle-blocks-advanced-heading-901e22b4\" class=\"wp-block-themeisle-blocks-advanced-heading wp-block-themeisle-blocks-advanced-heading-901e22b4\"><strong>STV. WAGENBAU<\/strong><\/p>\n<\/div>\n\n\n\n<div id=\"wp-block-themeisle-blocks-advanced-column-84bace82\" class=\"wp-block-themeisle-blocks-advanced-column\">\n<figure class=\"wp-block-image size-full is-style-rounded\"><img loading=\"lazy\" decoding=\"async\" width=\"800\" height=\"534\" src=\"https:\/\/xn--stedtlistrmer-4ob.ch\/wp-content\/uploads\/2023\/01\/CJP_0133.jpg\" alt=\"\" class=\"wp-image-1253\" srcset=\"https:\/\/xn--stedtlistrmer-4ob.ch\/wp-content\/uploads\/2023\/01\/CJP_0133.jpg 800w, https:\/\/xn--stedtlistrmer-4ob.ch\/wp-content\/uploads\/2023\/01\/CJP_0133-300x200.jpg 300w, https:\/\/xn--stedtlistrmer-4ob.ch\/wp-content\/uploads\/2023\/01\/CJP_0133-768x513.jpg 768w, https:\/\/xn--stedtlistrmer-4ob.ch\/wp-content\/uploads\/2023\/01\/CJP_0133-600x401.jpg 600w\" sizes=\"(max-width: 800px) 100vw, 800px\" \/><\/figure>\n\n\n\n<h3 id=\"wp-block-themeisle-blocks-advanced-heading-8c8cc869\" class=\"wp-block-themeisle-blocks-advanced-heading wp-block-themeisle-blocks-advanced-heading-8c8cc869\"><a href=\"https:\/\/xn--stedtlistrmer-4ob.ch\/index.php\/contact\/\">Markus<\/a><\/h3>\n\n\n\n<p id=\"wp-block-themeisle-blocks-advanced-heading-37313ede\" class=\"wp-block-themeisle-blocks-advanced-heading wp-block-themeisle-blocks-advanced-heading-37313ede\"><strong>Anl\u00e4sse<\/strong><\/p>\n<\/div>\n\n\n\n<div id=\"wp-block-themeisle-blocks-advanced-column-d2c69fdf\" class=\"wp-block-themeisle-blocks-advanced-column\">\n<figure class=\"wp-block-image size-full is-style-rounded\"><img loading=\"lazy\" decoding=\"async\" width=\"800\" height=\"534\" src=\"https:\/\/xn--stedtlistrmer-4ob.ch\/wp-content\/uploads\/2023\/01\/CJP_0133.jpg\" alt=\"\" class=\"wp-image-1253\" srcset=\"https:\/\/xn--stedtlistrmer-4ob.ch\/wp-content\/uploads\/2023\/01\/CJP_0133.jpg 800w, https:\/\/xn--stedtlistrmer-4ob.ch\/wp-content\/uploads\/2023\/01\/CJP_0133-300x200.jpg 300w, https:\/\/xn--stedtlistrmer-4ob.ch\/wp-content\/uploads\/2023\/01\/CJP_0133-768x513.jpg 768w, https:\/\/xn--stedtlistrmer-4ob.ch\/wp-content\/uploads\/2023\/01\/CJP_0133-600x401.jpg 600w\" sizes=\"(max-width: 800px) 100vw, 800px\" \/><\/figure>\n\n\n\n<h3 id=\"wp-block-themeisle-blocks-advanced-heading-7b566856\" class=\"wp-block-themeisle-blocks-advanced-heading wp-block-themeisle-blocks-advanced-heading-7b566856\"><a href=\"https:\/\/xn--stedtlistrmer-4ob.ch\/index.php\/contact\/\">Kevin<\/a><\/h3>\n\n\n\n<p id=\"wp-block-themeisle-blocks-advanced-heading-ccc72a64\" class=\"wp-block-themeisle-blocks-advanced-heading wp-block-themeisle-blocks-advanced-heading-ccc72a64\"><strong>Anl\u00e4sse<\/strong><\/p>\n<\/div>\n<\/div><\/div>\n\n\n\n<div id=\"wp-block-themeisle-blocks-advanced-columns-6a509b31\" class=\"wp-block-themeisle-blocks-advanced-columns has-4-columns has-desktop-equal-layout has-tablet-twoColumnGrid-layout has-mobile-collapsedRows-layout has-vertical-top\"><div class=\"wp-block-themeisle-blocks-advanced-columns-overlay\"><\/div><div class=\"innerblocks-wrap\">\n<div id=\"wp-block-themeisle-blocks-advanced-column-4f7e695e\" class=\"wp-block-themeisle-blocks-advanced-column\">\n<figure class=\"wp-block-image size-full is-style-rounded\"><img loading=\"lazy\" decoding=\"async\" width=\"800\" height=\"534\" src=\"https:\/\/xn--stedtlistrmer-4ob.ch\/wp-content\/uploads\/2023\/01\/CJP_0133.jpg\" alt=\"\" class=\"wp-image-1253\" srcset=\"https:\/\/xn--stedtlistrmer-4ob.ch\/wp-content\/uploads\/2023\/01\/CJP_0133.jpg 800w, https:\/\/xn--stedtlistrmer-4ob.ch\/wp-content\/uploads\/2023\/01\/CJP_0133-300x200.jpg 300w, https:\/\/xn--stedtlistrmer-4ob.ch\/wp-content\/uploads\/2023\/01\/CJP_0133-768x513.jpg 768w, https:\/\/xn--stedtlistrmer-4ob.ch\/wp-content\/uploads\/2023\/01\/CJP_0133-600x401.jpg 600w\" sizes=\"(max-width: 800px) 100vw, 800px\" \/><\/figure>\n\n\n\n<h3 id=\"wp-block-themeisle-blocks-advanced-heading-219f3af1\" class=\"wp-block-themeisle-blocks-advanced-heading wp-block-themeisle-blocks-advanced-heading-219f3af1\"><a href=\"https:\/\/xn--stedtlistrmer-4ob.ch\/index.php\/contact\/\">Damian<\/a><\/h3>\n\n\n\n<p id=\"wp-block-themeisle-blocks-advanced-heading-689608f7\" class=\"wp-block-themeisle-blocks-advanced-heading wp-block-themeisle-blocks-advanced-heading-689608f7\"><strong><strong><strong>Wurfmaterial<\/strong><\/strong><\/strong><\/p>\n<\/div>\n\n\n\n<div id=\"wp-block-themeisle-blocks-advanced-column-b47a9585\" class=\"wp-block-themeisle-blocks-advanced-column\">\n<figure class=\"wp-block-image size-full is-style-rounded\"><img loading=\"lazy\" decoding=\"async\" width=\"800\" height=\"534\" src=\"https:\/\/xn--stedtlistrmer-4ob.ch\/wp-content\/uploads\/2023\/01\/CJP_0133.jpg\" alt=\"\" class=\"wp-image-1253\" srcset=\"https:\/\/xn--stedtlistrmer-4ob.ch\/wp-content\/uploads\/2023\/01\/CJP_0133.jpg 800w, https:\/\/xn--stedtlistrmer-4ob.ch\/wp-content\/uploads\/2023\/01\/CJP_0133-300x200.jpg 300w, https:\/\/xn--stedtlistrmer-4ob.ch\/wp-content\/uploads\/2023\/01\/CJP_0133-768x513.jpg 768w, https:\/\/xn--stedtlistrmer-4ob.ch\/wp-content\/uploads\/2023\/01\/CJP_0133-600x401.jpg 600w\" sizes=\"(max-width: 800px) 100vw, 800px\" \/><\/figure>\n\n\n\n<h3 id=\"wp-block-themeisle-blocks-advanced-heading-49a51f47\" class=\"wp-block-themeisle-blocks-advanced-heading wp-block-themeisle-blocks-advanced-heading-49a51f47\"><a href=\"https:\/\/xn--stedtlistrmer-4ob.ch\/index.php\/contact\/\" data-type=\"link\" data-id=\"https:\/\/xn--stedtlistrmer-4ob.ch\/index.php\/contact\/\">Christian<\/a><\/h3>\n\n\n\n<p id=\"wp-block-themeisle-blocks-advanced-heading-ed1c3a6e\" class=\"wp-block-themeisle-blocks-advanced-heading wp-block-themeisle-blocks-advanced-heading-ed1c3a6e\"><strong>Fahrer<\/strong><\/p>\n<\/div>\n\n\n\n<div id=\"wp-block-themeisle-blocks-advanced-column-67a1d453\" class=\"wp-block-themeisle-blocks-advanced-column\">\n<figure class=\"wp-block-image size-full is-style-rounded\"><img loading=\"lazy\" decoding=\"async\" width=\"800\" height=\"534\" src=\"https:\/\/xn--stedtlistrmer-4ob.ch\/wp-content\/uploads\/2023\/01\/CJP_0133.jpg\" alt=\"\" class=\"wp-image-1253\" srcset=\"https:\/\/xn--stedtlistrmer-4ob.ch\/wp-content\/uploads\/2023\/01\/CJP_0133.jpg 800w, https:\/\/xn--stedtlistrmer-4ob.ch\/wp-content\/uploads\/2023\/01\/CJP_0133-300x200.jpg 300w, https:\/\/xn--stedtlistrmer-4ob.ch\/wp-content\/uploads\/2023\/01\/CJP_0133-768x513.jpg 768w, https:\/\/xn--stedtlistrmer-4ob.ch\/wp-content\/uploads\/2023\/01\/CJP_0133-600x401.jpg 600w\" sizes=\"(max-width: 800px) 100vw, 800px\" \/><\/figure>\n\n\n\n<h3 id=\"wp-block-themeisle-blocks-advanced-heading-b082c6d6\" class=\"wp-block-themeisle-blocks-advanced-heading wp-block-themeisle-blocks-advanced-heading-b082c6d6\"><a href=\"https:\/\/xn--stedtlistrmer-4ob.ch\/index.php\/contact\/\">Luca B<\/a><\/h3>\n\n\n\n<p id=\"wp-block-themeisle-blocks-advanced-heading-b0a1d5e0\" class=\"wp-block-themeisle-blocks-advanced-heading wp-block-themeisle-blocks-advanced-heading-b0a1d5e0\"><strong>AKTIV<\/strong><\/p>\n<\/div>\n\n\n\n<div id=\"wp-block-themeisle-blocks-advanced-column-f2804ebc\" class=\"wp-block-themeisle-blocks-advanced-column\">\n<figure class=\"wp-block-image size-full is-style-rounded\"><img loading=\"lazy\" decoding=\"async\" width=\"800\" height=\"534\" src=\"https:\/\/xn--stedtlistrmer-4ob.ch\/wp-content\/uploads\/2023\/01\/CJP_0133.jpg\" alt=\"\" class=\"wp-image-1253\" srcset=\"https:\/\/xn--stedtlistrmer-4ob.ch\/wp-content\/uploads\/2023\/01\/CJP_0133.jpg 800w, https:\/\/xn--stedtlistrmer-4ob.ch\/wp-content\/uploads\/2023\/01\/CJP_0133-300x200.jpg 300w, https:\/\/xn--stedtlistrmer-4ob.ch\/wp-content\/uploads\/2023\/01\/CJP_0133-768x513.jpg 768w, https:\/\/xn--stedtlistrmer-4ob.ch\/wp-content\/uploads\/2023\/01\/CJP_0133-600x401.jpg 600w\" sizes=\"(max-width: 800px) 100vw, 800px\" \/><\/figure>\n\n\n\n<h2 id=\"wp-block-themeisle-blocks-advanced-heading-da5b707b\" class=\"wp-block-themeisle-blocks-advanced-heading wp-block-themeisle-blocks-advanced-heading-da5b707b\"><a href=\"https:\/\/xn--stedtlistrmer-4ob.ch\/index.php\/contact\/\">Jonas<\/a><\/h2>\n\n\n\n<p id=\"wp-block-themeisle-blocks-advanced-heading-f55d6258\" class=\"wp-block-themeisle-blocks-advanced-heading wp-block-themeisle-blocks-advanced-heading-f55d6258\"><strong>AKTIV<\/strong><\/p>\n<\/div>\n<\/div><\/div>\n<\/div>\n<\/div><\/div>\n\n\n\n<p><\/p>\n\n\n\n<p>Views: 1390<\/p>","protected":false},"excerpt":{"rendered":"<p>Ursprung und Lauf der Zeit: Die Idee von einer Wagenclique wurde von zwei Amateurfussballern realisiert. Nach der ersten Sitzung im Sommer 2005 im LaLuna wurde die Clique mit sieben Gr\u00fcndungsmitgliedern und dem Namen Stedtlist\u00fcrmer ins Leben gerufen. Die Mitglieder wechselten von Zeit zu Zeit, sowie auch die Wagenbaupl\u00e4tze: von Blauen auf B\u00e4rschwil, dann nach Brislach,&#46;&#46;&#46;<\/p>\n","protected":false},"author":1,"featured_media":0,"parent":0,"menu_order":0,"comment_status":"closed","ping_status":"closed","template":"","meta":{"_themeisle_gutenberg_block_has_review":false,"footnotes":""},"class_list":["post-72","page","type-page","status-publish","hentry"],"_links":{"self":[{"href":"https:\/\/xn--stedtlistrmer-4ob.ch\/index.php\/wp-json\/wp\/v2\/pages\/72"}],"collection":[{"href":"https:\/\/xn--stedtlistrmer-4ob.ch\/index.php\/wp-json\/wp\/v2\/pages"}],"about":[{"href":"https:\/\/xn--stedtlistrmer-4ob.ch\/index.php\/wp-json\/wp\/v2\/types\/page"}],"author":[{"embeddable":true,"href":"https:\/\/xn--stedtlistrmer-4ob.ch\/index.php\/wp-json\/wp\/v2\/users\/1"}],"replies":[{"embeddable":true,"href":"https:\/\/xn--stedtlistrmer-4ob.ch\/index.php\/wp-json\/wp\/v2\/comments?post=72"}],"version-history":[{"count":32,"href":"https:\/\/xn--stedtlistrmer-4ob.ch\/index.php\/wp-json\/wp\/v2\/pages\/72\/revisions"}],"predecessor-version":[{"id":2112,"href":"https:\/\/xn--stedtlistrmer-4ob.ch\/index.php\/wp-json\/wp\/v2\/pages\/72\/revisions\/2112"}],"wp:attachment":[{"href":"https:\/\/xn--stedtlistrmer-4ob.ch\/index.php\/wp-json\/wp\/v2\/media?parent=72"}],"curies":[{"name":"wp","href":"https:\/\/api.w.org\/{rel}","templated":true}]}}