{"id":892,"date":"2023-01-03T14:55:27","date_gmt":"2023-01-03T13:55:27","guid":{"rendered":"http:\/\/xn--stedtlistrmer-4ob.ch\/?page_id=892"},"modified":"2023-01-21T07:04:24","modified_gmt":"2023-01-21T06:04:24","slug":"links","status":"publish","type":"page","link":"https:\/\/xn--stedtlistrmer-4ob.ch\/index.php\/links\/","title":{"rendered":"Links"},"content":{"rendered":"\n<figure class=\"wp-block-table\"><table class=\"has-fixed-layout\"><tbody><tr><td class=\"has-text-align-center\" data-align=\"center\"><a rel=\"noreferrer noopener\" href=\"https:\/\/laufnerfasnacht.ch\/\" target=\"_blank\"><strong>Laufner Fasnachts Komit\u00e9<\/strong><\/a><\/td><td class=\"has-text-align-center\" data-align=\"center\"><strong><strong><a rel=\"noreferrer noopener\" href=\"https:\/\/www.facebook.com\/Laufner-Fasnacht-Komit%C3%A9-103622612628070\" data-type=\"URL\" data-id=\"https:\/\/www.facebook.com\/Laufner-Fasnacht-Komit%C3%A9-103622612628070\" target=\"_blank\">Laufner Komit\u00e9 &#8211; Facebook<\/a><\/strong><\/strong><\/td><td class=\"has-text-align-center\" data-align=\"center\"><a rel=\"noreferrer noopener\" href=\"https:\/\/www.henzdelikatessen.ch\/\" target=\"_blank\"><\/a><a rel=\"noreferrer noopener\" href=\"https:\/\/www.laufen-bl.ch\/leben\/sport-freizeit-kultur\/fasnacht.html\/275\" target=\"_blank\"><strong>Stadt Laufen<\/strong><\/a><\/td><\/tr><tr><td class=\"has-text-align-center\" data-align=\"center\"><a rel=\"noreferrer noopener\" href=\"https:\/\/www.henzdelikatessen.ch\/\" target=\"_blank\"><strong>Metzgerei Henz, Laufen<\/strong><\/a><\/td><td class=\"has-text-align-center\" data-align=\"center\"><a rel=\"noreferrer noopener\" href=\"https:\/\/www.cafekern.ch\/\" target=\"_blank\"><strong>Konditorei Caf\u00e9 Kern, Laufen<\/strong><\/a><\/td><td class=\"has-text-align-center\" data-align=\"center\"><a href=\"https:\/\/simplygastro.ch\/\" target=\"_blank\" rel=\"noreferrer noopener\"><strong>Simply im R\u00f6ssli, Laufen<\/strong><\/a><\/td><\/tr><tr><td class=\"has-text-align-center\" data-align=\"center\"><strong><a rel=\"noreferrer noopener\" href=\"https:\/\/www.central-laufen.ch\/index.html\" target=\"_blank\">Restaurant Centra<\/a><a rel=\"noreferrer noopener\" href=\"https:\/\/www.central-laufen.ch\/index.html\" target=\"_blank\">l<\/a><a rel=\"noreferrer noopener\" href=\"https:\/\/www.central-laufen.ch\/index.html\" target=\"_blank\">,<\/a><a rel=\"noreferrer noopener\" href=\"https:\/\/www.central-laufen.ch\/index.html\" target=\"_blank\"> <\/a><a rel=\"noreferrer noopener\" href=\"https:\/\/www.central-laufen.ch\/index.html\" target=\"_blank\">L<\/a><a rel=\"noreferrer noopener\" href=\"https:\/\/www.central-laufen.ch\/index.html\" target=\"_blank\">a<\/a><a rel=\"noreferrer noopener\" href=\"https:\/\/www.central-laufen.ch\/index.html\" target=\"_blank\">u<\/a><a rel=\"noreferrer noopener\" href=\"https:\/\/www.central-laufen.ch\/index.html\" target=\"_blank\">f<\/a><a rel=\"noreferrer noopener\" href=\"https:\/\/www.central-laufen.ch\/index.html\" target=\"_blank\">e<\/a><a rel=\"noreferrer noopener\" href=\"https:\/\/www.central-laufen.ch\/index.html\" target=\"_blank\">n<\/a><\/strong><\/td><td class=\"has-text-align-center\" data-align=\"center\"><strong><a href=\"https:\/\/rathausstuebli.ch\/\" target=\"_blank\" rel=\"noreferrer noopener\">Rathausst\u00fcbli, Laufen<\/a><\/strong><\/td><td class=\"has-text-align-center\" data-align=\"center\"><strong><a href=\"https:\/\/moltobene-pizzeria.ch\/\" target=\"_blank\" rel=\"noreferrer noopener\">Molto Bene Pizzeria, Laufen<\/a><\/strong><\/td><\/tr><tr><td class=\"has-text-align-center\" data-align=\"center\"><strong><a rel=\"noreferrer noopener\" href=\"http:\/\/salmenloungebar.com\/\" target=\"_blank\">Salmen Lounge Ba<\/a><a rel=\"noreferrer noopener\" href=\"http:\/\/salmenloungebar.com\/\" target=\"_blank\">r<\/a><a rel=\"noreferrer noopener\" href=\"http:\/\/salmenloungebar.com\/\" target=\"_blank\">,<\/a><a rel=\"noreferrer noopener\" href=\"http:\/\/salmenloungebar.com\/\" target=\"_blank\"> <\/a><a rel=\"noreferrer noopener\" href=\"http:\/\/salmenloungebar.com\/\" target=\"_blank\">L<\/a><a rel=\"noreferrer noopener\" href=\"http:\/\/salmenloungebar.com\/\" target=\"_blank\">a<\/a><a rel=\"noreferrer noopener\" href=\"http:\/\/salmenloungebar.com\/\" target=\"_blank\">u<\/a><a rel=\"noreferrer noopener\" href=\"http:\/\/salmenloungebar.com\/\" target=\"_blank\">f<\/a><a rel=\"noreferrer noopener\" href=\"http:\/\/salmenloungebar.com\/\" target=\"_blank\">e<\/a><a rel=\"noreferrer noopener\" href=\"http:\/\/salmenloungebar.com\/\" target=\"_blank\">n<\/a><\/strong><\/td><td class=\"has-text-align-center\" data-align=\"center\"><strong><a href=\"https:\/\/www.karrer-zimmerei.ch\/\" target=\"_blank\" rel=\"noreferrer noopener\">Zimmerei Karrer, R\u00f6schenz<\/a><\/strong><\/td><td class=\"has-text-align-center\" data-align=\"center\"><a href=\"https:\/\/pfluderi.ch\/38\/\" target=\"_blank\" rel=\"noreferrer noopener\"><strong>Pfluderi F\u00e4ger<\/strong><\/a><\/td><\/tr><tr><td class=\"has-text-align-center\" data-align=\"center\"><strong><a href=\"https:\/\/pine.ch\/laufen\/\" target=\"_blank\" rel=\"noreferrer noopener\">Restaurant Pine, Laufen<\/a><\/strong><\/td><td class=\"has-text-align-center\" data-align=\"center\"><strong><a href=\"https:\/\/www.atelier-hell.ch\/\" target=\"_blank\" rel=\"noreferrer noopener\">Larve Atelier Hell, Laufen<\/a><\/strong><\/td><td class=\"has-text-align-center\" data-align=\"center\"><strong><a rel=\"noreferrer noopener\" href=\"https:\/\/www.agfraesseni.ch\/clubdesk\/www.agfraesseni.ch\" target=\"_blank\"><strong>Agfr\u00e4sseni Laufen 1967<\/strong><\/a><\/strong><\/td><\/tr><tr><td class=\"has-text-align-center\" data-align=\"center\"><strong><a rel=\"noreferrer noopener\" href=\"https:\/\/www.birsgugger.ch\/\" target=\"_blank\">Birsgugger, Laufen<\/a><\/strong><\/td><td class=\"has-text-align-center\" data-align=\"center\"><\/td><td class=\"has-text-align-center\" data-align=\"center\"><\/td><\/tr><\/tbody><\/table><\/figure>\n\n\n\n<p>Views: 704<\/p>","protected":false},"excerpt":{"rendered":"<p>Laufner Fasnachts Komit\u00e9 Laufner Komit\u00e9 &#8211; Facebook Stadt Laufen Metzgerei Henz, Laufen Konditorei Caf\u00e9 Kern, Laufen Simply im R\u00f6ssli, Laufen Restaurant Central, Laufen Rathausst\u00fcbli, Laufen Molto Bene Pizzeria, Laufen Salmen Lounge Bar, Laufen Zimmerei Karrer, R\u00f6schenz Pfluderi F\u00e4ger Restaurant Pine, Laufen Larve Atelier Hell, Laufen Agfr\u00e4sseni Laufen 1967 Birsgugger, Laufen Views: 704<\/p>\n","protected":false},"author":1,"featured_media":0,"parent":0,"menu_order":0,"comment_status":"closed","ping_status":"closed","template":"","meta":{"_themeisle_gutenberg_block_has_review":false,"footnotes":""},"class_list":["post-892","page","type-page","status-publish","hentry"],"_links":{"self":[{"href":"https:\/\/xn--stedtlistrmer-4ob.ch\/index.php\/wp-json\/wp\/v2\/pages\/892"}],"collection":[{"href":"https:\/\/xn--stedtlistrmer-4ob.ch\/index.php\/wp-json\/wp\/v2\/pages"}],"about":[{"href":"https:\/\/xn--stedtlistrmer-4ob.ch\/index.php\/wp-json\/wp\/v2\/types\/page"}],"author":[{"embeddable":true,"href":"https:\/\/xn--stedtlistrmer-4ob.ch\/index.php\/wp-json\/wp\/v2\/users\/1"}],"replies":[{"embeddable":true,"href":"https:\/\/xn--stedtlistrmer-4ob.ch\/index.php\/wp-json\/wp\/v2\/comments?post=892"}],"version-history":[{"count":40,"href":"https:\/\/xn--stedtlistrmer-4ob.ch\/index.php\/wp-json\/wp\/v2\/pages\/892\/revisions"}],"predecessor-version":[{"id":1767,"href":"https:\/\/xn--stedtlistrmer-4ob.ch\/index.php\/wp-json\/wp\/v2\/pages\/892\/revisions\/1767"}],"wp:attachment":[{"href":"https:\/\/xn--stedtlistrmer-4ob.ch\/index.php\/wp-json\/wp\/v2\/media?parent=892"}],"curies":[{"name":"wp","href":"https:\/\/api.w.org\/{rel}","templated":true}]}}